{"id":242,"date":"2020-10-26T15:41:10","date_gmt":"2020-10-26T14:41:10","guid":{"rendered":"http:\/\/colorossi.at\/?page_id=242"},"modified":"2020-11-06T12:39:53","modified_gmt":"2020-11-06T11:39:53","slug":"gedichte","status":"publish","type":"page","link":"https:\/\/colorossi.at\/?page_id=242","title":{"rendered":"Gedichte"},"content":{"rendered":"\t\t<div data-elementor-type=\"wp-page\" data-elementor-id=\"242\" class=\"elementor elementor-242\" data-elementor-settings=\"[]\">\n\t\t\t\t\t\t<div class=\"elementor-inner\">\n\t\t\t\t\t\t\t<div class=\"elementor-section-wrap\">\n\t\t\t\t\t\t\t<section class=\"elementor-section elementor-top-section elementor-element elementor-element-34ec56e elementor-section-boxed elementor-section-height-default elementor-section-height-default\" data-id=\"34ec56e\" data-element_type=\"section\">\n\t\t\t\t\t\t<div class=\"elementor-container elementor-column-gap-default\">\n\t\t\t\t\t\t\t<div class=\"elementor-row\">\n\t\t\t\t\t<div class=\"elementor-column elementor-col-100 elementor-top-column elementor-element elementor-element-d152119\" data-id=\"d152119\" data-element_type=\"column\">\n\t\t\t<div class=\"elementor-column-wrap elementor-element-populated\">\n\t\t\t\t\t\t\t<div class=\"elementor-widget-wrap\">\n\t\t\t\t\t\t<div class=\"elementor-element elementor-element-8188e0c elementor-widget elementor-widget-text-editor\" data-id=\"8188e0c\" data-element_type=\"widget\" data-widget_type=\"text-editor.default\">\n\t\t\t\t<div class=\"elementor-widget-container\">\n\t\t\t\t\t<div class=\"elementor-text-editor elementor-clearfix\"><p>Auf Deutsch habe ich leider nicht so viele Gedichte geschrieben wie in meiner Muttersprache, aber aus diesem dutzend Gedichten kann man sich ein Bild \u00fcber meinen Stil machen.<\/p><p>Die Gedichte auf Kroatisch kann man, wer will, mit Google \u00fcbersetzen lassen damit man sieht wor\u00fcber ich alles schreibe.<\/p><p>Mundart Gedichte sind selten tiefsinnig, aber daf\u00fcr lustig und sehr authentisch. Die k\u00f6nnen nicht einmal die meisten Kroaten verstehen. Es handelt sich um eine, in Dalmatien ortspezifische Inselsprache. Ich habe in Eigenregie ein Buch mit einer kleinen Auflage von 130 Stk. herausgegeben und gratis verteilt. Ich wollte nicht irgendeine Zensur von einem Verleger haben.<\/p><p>Der Titel des Buches hei\u00dft &#8220;Was ist hier verkehrt&#8221; was \u00a0auch soviel bedeutet wie &#8220;Wer ist hier verr\u00fcckt&#8221; weil ich schon 4 Mal auf der Psychiatrie war und ihr wisst, was das in einem Dorf bedeutet.<\/p><p>Das Buch gibt es gratis zum Download als PDF. Leider kann Google das nicht \u00fcbersetzen.\u00a0\u00a0<\/p><p>Ich m\u00f6chte mich entschuldigen, dass ich bei manchen Gedichten die Rechtschreibung total ignoriert habe. Das lenkt mich vom Schreiben ab und es nachtr\u00e4glich korrigieren, macht mir keinen Spa\u00df.\u00a0<\/p><\/div>\n\t\t\t\t<\/div>\n\t\t\t\t<\/div>\n\t\t\t\t\t\t<\/div>\n\t\t\t\t\t<\/div>\n\t\t<\/div>\n\t\t\t\t\t\t\t\t<\/div>\n\t\t\t\t\t<\/div>\n\t\t<\/section>\n\t\t\t\t<section class=\"elementor-section elementor-top-section elementor-element elementor-element-c339a6e elementor-section-boxed elementor-section-height-default elementor-section-height-default\" data-id=\"c339a6e\" data-element_type=\"section\">\n\t\t\t\t\t\t<div class=\"elementor-container elementor-column-gap-default\">\n\t\t\t\t\t\t\t<div class=\"elementor-row\">\n\t\t\t\t\t<div class=\"elementor-column elementor-col-25 elementor-top-column elementor-element elementor-element-97ea2c4\" data-id=\"97ea2c4\" data-element_type=\"column\">\n\t\t\t<div class=\"elementor-column-wrap elementor-element-populated\">\n\t\t\t\t\t\t\t<div class=\"elementor-widget-wrap\">\n\t\t\t\t\t\t<div class=\"elementor-element elementor-element-fa0e5b3 elementor-widget elementor-widget-button\" data-id=\"fa0e5b3\" data-element_type=\"widget\" data-widget_type=\"button.default\">\n\t\t\t\t<div class=\"elementor-widget-container\">\n\t\t\t\t\t<div class=\"elementor-button-wrapper\">\n\t\t\t<a href=\"https:\/\/drive.google.com\/file\/d\/1Mry7Ja3FNSmuyUtNivK44F0orm_kzHrI\/view?usp=sharing\" class=\"elementor-button-link elementor-button elementor-size-sm\" role=\"button\">\n\t\t\t\t\t\t<span class=\"elementor-button-content-wrapper\">\n\t\t\t\t\t\t<span class=\"elementor-button-text\">GEDICHTE DEUTSCH<\/span>\n\t\t<\/span>\n\t\t\t\t\t<\/a>\n\t\t<\/div>\n\t\t\t\t<\/div>\n\t\t\t\t<\/div>\n\t\t\t\t\t\t<\/div>\n\t\t\t\t\t<\/div>\n\t\t<\/div>\n\t\t\t\t<div class=\"elementor-column elementor-col-25 elementor-top-column elementor-element elementor-element-9369998\" data-id=\"9369998\" data-element_type=\"column\">\n\t\t\t<div class=\"elementor-column-wrap elementor-element-populated\">\n\t\t\t\t\t\t\t<div class=\"elementor-widget-wrap\">\n\t\t\t\t\t\t<div class=\"elementor-element elementor-element-e5ac572 elementor-widget elementor-widget-button\" data-id=\"e5ac572\" data-element_type=\"widget\" data-widget_type=\"button.default\">\n\t\t\t\t<div class=\"elementor-widget-container\">\n\t\t\t\t\t<div class=\"elementor-button-wrapper\">\n\t\t\t<a href=\"https:\/\/drive.google.com\/file\/d\/1yhFLXbEzFA2t_6nBILiY4Q6cIyL_oBdC\/view?usp=sharing\" class=\"elementor-button-link elementor-button elementor-size-sm\" role=\"button\">\n\t\t\t\t\t\t<span class=\"elementor-button-content-wrapper\">\n\t\t\t\t\t\t<span class=\"elementor-button-text\">GEDICHTE KROATISCH<\/span>\n\t\t<\/span>\n\t\t\t\t\t<\/a>\n\t\t<\/div>\n\t\t\t\t<\/div>\n\t\t\t\t<\/div>\n\t\t\t\t\t\t<\/div>\n\t\t\t\t\t<\/div>\n\t\t<\/div>\n\t\t\t\t<div class=\"elementor-column elementor-col-25 elementor-top-column elementor-element elementor-element-f1dfede\" data-id=\"f1dfede\" data-element_type=\"column\">\n\t\t\t<div class=\"elementor-column-wrap elementor-element-populated\">\n\t\t\t\t\t\t\t<div class=\"elementor-widget-wrap\">\n\t\t\t\t\t\t<div class=\"elementor-element elementor-element-31841a2 elementor-widget elementor-widget-button\" data-id=\"31841a2\" data-element_type=\"widget\" data-widget_type=\"button.default\">\n\t\t\t\t<div class=\"elementor-widget-container\">\n\t\t\t\t\t<div class=\"elementor-button-wrapper\">\n\t\t\t<a href=\"https:\/\/drive.google.com\/drive\/folders\/12fqdtu0X3N-X39qq5_Qm4s8LvNWp5orF?usp=sharing\" class=\"elementor-button-link elementor-button elementor-size-sm\" role=\"button\">\n\t\t\t\t\t\t<span class=\"elementor-button-content-wrapper\">\n\t\t\t\t\t\t<span class=\"elementor-button-text\">GEDICHTE MUNDART<\/span>\n\t\t<\/span>\n\t\t\t\t\t<\/a>\n\t\t<\/div>\n\t\t\t\t<\/div>\n\t\t\t\t<\/div>\n\t\t\t\t\t\t<\/div>\n\t\t\t\t\t<\/div>\n\t\t<\/div>\n\t\t\t\t<div class=\"elementor-column elementor-col-25 elementor-top-column elementor-element elementor-element-a3d4e80\" data-id=\"a3d4e80\" data-element_type=\"column\">\n\t\t\t<div class=\"elementor-column-wrap elementor-element-populated\">\n\t\t\t\t\t\t\t<div class=\"elementor-widget-wrap\">\n\t\t\t\t\t\t<div class=\"elementor-element elementor-element-0bda91a elementor-widget elementor-widget-button\" data-id=\"0bda91a\" data-element_type=\"widget\" data-widget_type=\"button.default\">\n\t\t\t\t<div class=\"elementor-widget-container\">\n\t\t\t\t\t<div class=\"elementor-button-wrapper\">\n\t\t\t<a href=\"https:\/\/drive.google.com\/file\/d\/1V5fHWIrJOdkle04G7Fjyk29DKFXDzQbp\/view?usp=sharing\" class=\"elementor-button-link elementor-button elementor-size-sm\" role=\"button\">\n\t\t\t\t\t\t<span class=\"elementor-button-content-wrapper\">\n\t\t\t\t\t\t<span class=\"elementor-button-text\">PJESMA BOLJA BUDU\u0106NOST<\/span>\n\t\t<\/span>\n\t\t\t\t\t<\/a>\n\t\t<\/div>\n\t\t\t\t<\/div>\n\t\t\t\t<\/div>\n\t\t\t\t\t\t<\/div>\n\t\t\t\t\t<\/div>\n\t\t<\/div>\n\t\t\t\t\t\t\t\t<\/div>\n\t\t\t\t\t<\/div>\n\t\t<\/section>\n\t\t\t\t\t\t<\/div>\n\t\t\t\t\t\t<\/div>\n\t\t\t\t\t<\/div>\n\t\t","protected":false},"excerpt":{"rendered":"<p>Auf Deutsch habe ich leider nicht so viele Gedichte geschrieben wie in meiner Muttersprache, aber aus diesem dutzend Gedichten kann man sich ein Bild \u00fcber meinen Stil machen. Die Gedichte auf Kroatisch kann man, wer will, mit Google \u00fcbersetzen lassen damit man sieht wor\u00fcber ich alles schreibe. Mundart Gedichte sind selten tiefsinnig, aber daf\u00fcr lustig [&hellip;]<\/p>\n","protected":false},"author":1,"featured_media":0,"parent":0,"menu_order":0,"comment_status":"closed","ping_status":"closed","template":"","meta":[],"_links":{"self":[{"href":"https:\/\/colorossi.at\/index.php?rest_route=\/wp\/v2\/pages\/242"}],"collection":[{"href":"https:\/\/colorossi.at\/index.php?rest_route=\/wp\/v2\/pages"}],"about":[{"href":"https:\/\/colorossi.at\/index.php?rest_route=\/wp\/v2\/types\/page"}],"author":[{"embeddable":true,"href":"https:\/\/colorossi.at\/index.php?rest_route=\/wp\/v2\/users\/1"}],"replies":[{"embeddable":true,"href":"https:\/\/colorossi.at\/index.php?rest_route=%2Fwp%2Fv2%2Fcomments&post=242"}],"version-history":[{"count":12,"href":"https:\/\/colorossi.at\/index.php?rest_route=\/wp\/v2\/pages\/242\/revisions"}],"predecessor-version":[{"id":360,"href":"https:\/\/colorossi.at\/index.php?rest_route=\/wp\/v2\/pages\/242\/revisions\/360"}],"wp:attachment":[{"href":"https:\/\/colorossi.at\/index.php?rest_route=%2Fwp%2Fv2%2Fmedia&parent=242"}],"curies":[{"name":"wp","href":"https:\/\/api.w.org\/{rel}","templated":true}]}}